{"id":32,"date":"2013-02-25T02:35:50","date_gmt":"2013-02-25T02:35:50","guid":{"rendered":"http:\/\/sabaithaimassage-dresden.de\/?page_id=32"},"modified":"2025-12-14T20:30:38","modified_gmt":"2025-12-14T19:30:38","slug":"home","status":"publish","type":"page","link":"https:\/\/sabaithaimassage-dresden.de\/en\/","title":{"rendered":"Welcome"},"content":{"rendered":"<section class=\"l-section wpb_row height_medium\"><div class=\"l-section-h i-cf\"><div class=\"g-cols vc_row via_grid cols_1 laptops-cols_inherit tablets-cols_inherit mobiles-cols_1 valign_top type_default stacking_default\"><div class=\"wpb_column vc_column_container\"><div class=\"vc_column-inner\"><div class=\"w-image align_center\"><div class=\"w-image-h\"><img decoding=\"async\" width=\"300\" height=\"300\" src=\"https:\/\/sabaithaimassage-dresden.de\/wp-content\/uploads\/2024\/06\/Logo_lila_512x512-300x300.png\" class=\"attachment-medium size-medium\" alt=\"\" loading=\"lazy\" srcset=\"https:\/\/sabaithaimassage-dresden.de\/wp-content\/uploads\/2024\/06\/Logo_lila_512x512-300x300.png 300w, https:\/\/sabaithaimassage-dresden.de\/wp-content\/uploads\/2024\/06\/Logo_lila_512x512-150x150.png 150w, https:\/\/sabaithaimassage-dresden.de\/wp-content\/uploads\/2024\/06\/Logo_lila_512x512.png 512w\" sizes=\"auto, (max-width: 300px) 100vw, 300px\" \/><\/div><\/div><div class=\"wpb_text_column\"><div class=\"wpb_wrapper\"><h6 style=\"text-align: center;\"><strong>ENTSPANNEN &#8211; REGENERIEREN &#8211; ERHOLEN<\/strong><\/h6>\n<\/div><\/div><div class=\"w-separator size_medium\"><\/div><div class=\"wpb_text_column\"><div class=\"wpb_wrapper\"><h6><strong><span style=\"color: #ff0000;\">Achtung:<\/span> Der Gutscheinverkauf ist aktuell ausgesetzt.<\/strong><\/h6>\n<p><span style=\"color: #000000;\">Die traditionelle Thai-Massage (TTM) wird in Thailand Nuad Phaen Boran (Thai: \u0e19\u0e27\u0e14\u0e41\u0e1c\u0e19\u0e42\u0e1a\u0e23\u0e32\u0e13) genannt, was soviel bedeutet wie \u201euralte heilsame Ber\u00fchrung\u201c. <\/span><span style=\"color: #000000;\">Im westeurop\u00e4ischen Raum nennt sie sich auch Thai-Yoga-Massage. <\/span><span style=\"color: #000000;\">Die Thai-Massage besteht aus passiven, dem\u00a0Yoga\u00a0entnommenen Streckpositionen und Dehnbewegungen, Gelenkmobilisationen und Druckpunktmassagen.<\/span><\/p>\n<\/div><\/div><div class=\"w-iconbox iconpos_top style_outlined color_secondary align_center no_text no_title\"><div class=\"w-iconbox-icon\" style=\"font-size:2rem;\"><i class=\"fas fa-heart\"><\/i><\/div><div class=\"w-iconbox-meta\"><\/div><\/div><div class=\"w-separator size_small\"><\/div><div class=\"w-separator size_small\"><\/div><div class=\"w-iconbox iconpos_top style_outlined color_secondary align_center no_text no_title\"><div class=\"w-iconbox-icon\" style=\"font-size:2rem;\"><i class=\"fas fa-fire\"><\/i><\/div><div class=\"w-iconbox-meta\"><\/div><\/div><div class=\"w-separator size_small\"><\/div><div class=\"wpb_text_column\"><div class=\"wpb_wrapper\"><p>Zehn ausgew\u00e4hlte Energielinien (Thai: \u0e2a\u0e34\u0e1a\u0e40\u0e2a\u0e49\u0e19 &#8211; sip sen), die nach aryurvedischer Lehre den K\u00f6rper als energetisches Netz durchziehen, werden \u00fcber sanfte Dehnung und mit dem rhythmischen Druck von Handballen, Daumen, Knien, Ellenbogen und F\u00fc\u00dfen bearbeitet.<\/p>\n<\/div><\/div><div class=\"w-separator size_small\"><\/div><div class=\"w-iconbox iconpos_top style_outlined color_secondary align_center no_text no_title\"><div class=\"w-iconbox-icon\" style=\"font-size:2rem;\"><i class=\"fas fa-tshirt\"><\/i><\/div><div class=\"w-iconbox-meta\"><\/div><\/div><div class=\"w-separator size_small\"><\/div><div class=\"wpb_text_column\"><div class=\"wpb_wrapper\"><p style=\"text-align: center;\">Die Thai-Massage findet bekleidet auf einer Bodenmatte statt.<\/p>\n<\/div><\/div><div class=\"w-separator size_small\"><\/div><div class=\"w-iconbox iconpos_top style_outlined color_secondary align_center no_text no_title\"><div class=\"w-iconbox-icon\" style=\"font-size:2rem;\"><i class=\"fas fa-clock\"><\/i><\/div><div class=\"w-iconbox-meta\"><\/div><\/div><div class=\"w-separator size_small\"><\/div><div class=\"wpb_text_column\"><div class=\"wpb_wrapper\"><p style=\"text-align: center;\">Traditionell dauert eine Thai-Massage 2,5 Stunden und zeichnet sich durch ihren dynamischen kraftvollen Aspekt aus.<br \/>\nWir bieten Thai-Massagen von 45 Min. bis 2 Stunden Dauer an.<\/p>\n<\/div><\/div><div class=\"w-separator size_large\"><\/div><div class=\"wpb_text_column\"><div class=\"wpb_wrapper\"><h6 style=\"text-align: center;\"><strong>Unser Angebot<\/strong><\/h6>\n<p style=\"text-align: center;\">Individuelle Beratung<br \/>\nThai-Massage<br \/>\nThai-\u00d6l-Massage<br \/>\n\u00d6l-Massage<br \/>\nSabai-Flow-Massage (Salz-Massage)<br \/>\nNacken-Massage<br \/>\nNacken-\u00d6l-Massage<br \/>\nFu\u00df-Massage<br \/>\nHot-Stone-Massage<br \/>\nNacken+Hot Stone Massage<br \/>\nBambus-Massage<\/p>\n<\/div><\/div><div class=\"w-separator size_medium\"><\/div><div class=\"w-btn-wrapper align_center\"><a class=\"w-btn us-btn-style_1\" href=\"https:\/\/connect.shore.com\/bookings\/sabai-thai-massage-dresden\/services?locale=de\"><span class=\"w-btn-label\">Termin buchen<\/span><\/a><\/div><div class=\"w-separator size_medium\"><\/div><div class=\"w-grid type_grid layout_gallery_default cols_3\" id=\"us_grid_1\" style=\"--gap:1.5rem;\" data-filterable=\"true\"><style>@media (max-width:1024px){#us_grid_1 .w-grid-item{width:50%}}@media (max-width:600px){#us_grid_1 .w-grid-list{margin:0}#us_grid_1 .w-grid-item{width:100%;padding:0;margin-bottom:var(--gap,0px)}}.layout_gallery_default .w-grid-item-h{}<\/style><div class=\"w-grid-list\">\t<article class=\"w-grid-item size_1x1 post-173 attachment type-attachment status-inherit hentry\" data-id=\"173\">\r\n\t\t<div class=\"w-grid-item-h\">\r\n\t\t\t\t\t\t<div class=\"w-post-elm post_image usg_post_image_1 stretched\"><img loading=\"lazy\" decoding=\"async\" width=\"462\" height=\"640\" src=\"https:\/\/sabaithaimassage-dresden.de\/wp-content\/uploads\/2013\/12\/Sabaithaimassage-04.jpg\" class=\"attachment-large size-large\" alt=\"\" srcset=\"https:\/\/sabaithaimassage-dresden.de\/wp-content\/uploads\/2013\/12\/Sabaithaimassage-04.jpg 462w, https:\/\/sabaithaimassage-dresden.de\/wp-content\/uploads\/2013\/12\/Sabaithaimassage-04-216x300.jpg 216w\" sizes=\"auto, (max-width: 462px) 100vw, 462px\" \/><\/div>\t\t<\/div>\r\n\t\t\t<\/article>\r\n\t<article class=\"w-grid-item size_1x1 post-166 attachment type-attachment status-inherit hentry\" data-id=\"166\">\r\n\t\t<div class=\"w-grid-item-h\">\r\n\t\t\t\t\t\t<div class=\"w-post-elm post_image usg_post_image_1 stretched\"><img loading=\"lazy\" decoding=\"async\" width=\"454\" height=\"640\" src=\"https:\/\/sabaithaimassage-dresden.de\/wp-content\/uploads\/2013\/12\/Sabaithaimassage-07.jpg\" class=\"attachment-large size-large\" alt=\"\" srcset=\"https:\/\/sabaithaimassage-dresden.de\/wp-content\/uploads\/2013\/12\/Sabaithaimassage-07.jpg 454w, https:\/\/sabaithaimassage-dresden.de\/wp-content\/uploads\/2013\/12\/Sabaithaimassage-07-212x300.jpg 212w\" sizes=\"auto, (max-width: 454px) 100vw, 454px\" \/><\/div>\t\t<\/div>\r\n\t\t\t<\/article>\r\n\t<article class=\"w-grid-item size_1x1 post-165 attachment type-attachment status-inherit hentry\" data-id=\"165\">\r\n\t\t<div class=\"w-grid-item-h\">\r\n\t\t\t\t\t\t<div class=\"w-post-elm post_image usg_post_image_1 stretched\"><img loading=\"lazy\" decoding=\"async\" width=\"449\" height=\"640\" src=\"https:\/\/sabaithaimassage-dresden.de\/wp-content\/uploads\/2013\/12\/Sabaithaimassage-06.jpg\" class=\"attachment-large size-large\" alt=\"\" srcset=\"https:\/\/sabaithaimassage-dresden.de\/wp-content\/uploads\/2013\/12\/Sabaithaimassage-06.jpg 449w, https:\/\/sabaithaimassage-dresden.de\/wp-content\/uploads\/2013\/12\/Sabaithaimassage-06-210x300.jpg 210w\" sizes=\"auto, (max-width: 449px) 100vw, 449px\" \/><\/div>\t\t<\/div>\r\n\t\t\t<\/article>\r\n<\/div><div class=\"w-grid-preloader\">\t<div class=\"g-preloader type_1\">\r\n\t\t<div><\/div>\r\n\t<\/div>\r\n\t<\/div>\t<div class=\"w-grid-json hidden\" onclick='return {&quot;action&quot;:&quot;us_ajax_grid&quot;,&quot;infinite_scroll&quot;:0,&quot;max_num_pages&quot;:1,&quot;pagination&quot;:&quot;none&quot;,&quot;template_vars&quot;:{&quot;columns&quot;:&quot;3&quot;,&quot;exclude_items&quot;:&quot;none&quot;,&quot;img_size&quot;:&quot;default&quot;,&quot;ignore_items_size&quot;:0,&quot;items_layout&quot;:&quot;gallery_default&quot;,&quot;items_offset&quot;:&quot;1&quot;,&quot;load_animation&quot;:&quot;none&quot;,&quot;overriding_link&quot;:&quot;%7B%22url%22%3A%22%22%7D&quot;,&quot;post_id&quot;:0,&quot;query_args&quot;:{&quot;post_type&quot;:[&quot;attachment&quot;],&quot;post__in&quot;:[&quot;173&quot;,&quot;165&quot;,&quot;166&quot;],&quot;post_status&quot;:&quot;inherit&quot;,&quot;post_mime_type&quot;:&quot;image&quot;,&quot;posts_per_page&quot;:&quot;3&quot;},&quot;orderby_query_args&quot;:{&quot;orderby&quot;:{&quot;date&quot;:&quot;DESC&quot;}},&quot;type&quot;:&quot;grid&quot;,&quot;us_grid_post_type&quot;:&quot;attachment&quot;,&quot;us_grid_ajax_index&quot;:1,&quot;us_grid_filter_params&quot;:[],&quot;us_grid_index&quot;:1,&quot;page_args&quot;:[]}}'><\/div>\r\n\t<\/div><div class=\"w-separator size_medium\"><\/div><div class=\"wpb_text_column\"><div class=\"wpb_wrapper\"><h6 style=\"text-align: center;\"><strong>\u00d6ffnungszeiten<\/strong><\/h6>\n<p style=\"text-align: center;\">Montag bis Freitag 10:00 \u2013 19:00 Uhr<br \/>Samstag 11:00 \u2013 19:00 Uhr<\/p>\n<p style=\"text-align: center;\">Sonntag geschlossen<br \/>Feiertage geschlossen<\/p>\n<\/div><\/div><div class=\"w-separator size_medium\"><\/div><div class=\"wpb_text_column\"><div class=\"wpb_wrapper\"><h6 style=\"text-align: center;\"><strong>So erreichen Sie uns<\/strong><\/h6>\n<p style=\"text-align: center;\">Sabai Thai Massage Dresden<br \/>\nSeestra\u00dfe 12<br \/>\n01067 Dresden<\/p>\n<\/div><\/div><div class=\"w-separator size_small\"><\/div><div class=\"w-map provider_osm\" id=\"us_map_1\"><div class=\"w-map-inner\"><div class=\"w-map-json\" onclick='return {&quot;address&quot;:&quot;Seestra\\u00dfe 12 01067 Dresden&quot;,&quot;disableDragging&quot;:0,&quot;disableZoom&quot;:0,&quot;hideControls&quot;:0,&quot;zoom&quot;:14,&quot;markers&quot;:[{&quot;address&quot;:&quot;Seestra\\u00dfe 12 01067 Dresden&quot;,&quot;html&quot;:&quot;Sabai Thai Massage Dresden&quot;,&quot;infowindow&quot;:0}],&quot;icon&quot;:{&quot;url&quot;:&quot;https:\\\/\\\/sabaithaimassage-dresden.de\\\/wp-content\\\/uploads\\\/2013\\\/12\\\/Sabaithaimassage-06-150x150.jpg&quot;,&quot;size&quot;:[30,30]},&quot;style&quot;:&quot;https:\\\/\\\/{s}.tile.openstreetmap.org\\\/{z}\\\/{x}\\\/{y}.png&quot;}'><\/div><\/div><\/div><div class=\"w-separator size_medium\"><\/div><div class=\"w-btn-wrapper align_center\"><a class=\"w-btn us-btn-style_1\" href=\"https:\/\/connect.shore.com\/bookings\/sabai-thai-massage-dresden\/services?locale=de\"><span class=\"w-btn-label\">Termin buchen<\/span><\/a><\/div><div class=\"w-separator size_small\"><\/div><div class=\"wpb_text_column\"><div class=\"wpb_wrapper\"><p style=\"text-align: center;\">Telefon: 0351 32357861<br \/>\nMobil: 0160 90291226<\/p>\n<\/div><\/div><div class=\"w-separator size_medium\"><\/div><div class=\"wpb_text_column\"><div class=\"wpb_wrapper\"><h6 style=\"text-align: center;\"><strong>Wir freuen uns auf Sie!<\/strong><\/h6>\n<\/div><\/div><\/div><\/div><\/div><\/div><\/section>\n<div style=\"padding-bottom:20px; padding-top:10px;\" class=\"hupso-share-buttons\"><!-- Hupso Share Buttons - https:\/\/www.hupso.com\/share\/ --><a class=\"hupso_counters\" href=\"https:\/\/www.hupso.com\/share\/\"><img decoding=\"async\" src=\"https:\/\/static.hupso.com\/share\/buttons\/lang\/de\/share-small.png\" style=\"border:0px; padding-top:2px; float:left;\" alt=\"Share Button\"\/><\/a><script type=\"text\/javascript\">var hupso_services_c=new Array(\"twitter\",\"facebook_like\",\"facebook_send\",\"google\",\"pinterest\",\"linkedin\");var hupso_title_c=\"sabaithaimassage-dresden.de\";var hupso_counters_lang = \"de_DE\";var hupso_image_folder_url = \"\";var hupso_url_c=\"\";var hupso_title_c=\"sabaithaimassage-dresden.de\";<\/script><script type=\"text\/javascript\" src=\"https:\/\/static.hupso.com\/share\/js\/counters.js\"><\/script><!-- Hupso Share Buttons --><\/div>","protected":false},"excerpt":{"rendered":"","protected":false},"author":1,"featured_media":0,"parent":0,"menu_order":0,"comment_status":"closed","ping_status":"closed","template":"","meta":{"footnotes":""},"class_list":["post-32","page","type-page","status-publish","hentry"],"translation":{"provider":"WPGlobus","version":"3.0.2","language":"en","enabled_languages":["de","en"],"languages":{"de":{"title":true,"content":true,"excerpt":false},"en":{"title":true,"content":false,"excerpt":false}}},"yoast_head":"<!-- This site is optimized with the Yoast SEO plugin v27.4 - https:\/\/yoast.com\/product\/yoast-seo-wordpress\/ -->\n<title>Welcome - SABAI THAI MASSAGE<\/title>\n<meta name=\"robots\" content=\"index, follow, max-snippet:-1, max-image-preview:large, max-video-preview:-1\" \/>\n<link rel=\"canonical\" href=\"https:\/\/sabaithaimassage-dresden.de\/\" \/>\n<meta property=\"og:locale\" content=\"en_US\" \/>\n<meta property=\"og:type\" content=\"article\" \/>\n<meta property=\"og:title\" content=\"Welcome - SABAI THAI MASSAGE\" \/>\n<meta property=\"og:url\" content=\"https:\/\/sabaithaimassage-dresden.de\/\" \/>\n<meta property=\"og:site_name\" content=\"SABAI THAI MASSAGE\" \/>\n<meta property=\"article:publisher\" content=\"https:\/\/www.facebook.com\/pages\/Sabaithaimassage-dresden\" \/>\n<meta property=\"article:modified_time\" content=\"2025-12-14T19:30:38+00:00\" \/>\n<meta name=\"twitter:label1\" content=\"Est. reading time\" \/>\n\t<meta name=\"twitter:data1\" content=\"2 minutes\" \/>\n<script type=\"application\/ld+json\" class=\"yoast-schema-graph\">{\"@context\":\"https:\\\/\\\/schema.org\",\"@graph\":[{\"@type\":\"WebPage\",\"@id\":\"https:\\\/\\\/sabaithaimassage-dresden.de\\\/\",\"url\":\"https:\\\/\\\/sabaithaimassage-dresden.de\\\/\",\"name\":\"Welcome - SABAI THAI MASSAGE\",\"isPartOf\":{\"@id\":\"https:\\\/\\\/sabaithaimassage-dresden.de\\\/#website\"},\"datePublished\":\"2013-02-25T02:35:50+00:00\",\"dateModified\":\"2025-12-14T19:30:38+00:00\",\"breadcrumb\":{\"@id\":\"https:\\\/\\\/sabaithaimassage-dresden.de\\\/#breadcrumb\"},\"inLanguage\":\"en-US\",\"potentialAction\":[{\"@type\":\"ReadAction\",\"target\":[\"https:\\\/\\\/sabaithaimassage-dresden.de\\\/\"]}]},{\"@type\":\"BreadcrumbList\",\"@id\":\"https:\\\/\\\/sabaithaimassage-dresden.de\\\/#breadcrumb\",\"itemListElement\":[{\"@type\":\"ListItem\",\"position\":1,\"name\":\"Home\",\"item\":\"https:\\\/\\\/sabaithaimassage-dresden.de\\\/\"},{\"@type\":\"ListItem\",\"position\":2,\"name\":\"Willkommen\"}]},{\"@type\":\"WebSite\",\"@id\":\"https:\\\/\\\/sabaithaimassage-dresden.de\\\/#website\",\"url\":\"https:\\\/\\\/sabaithaimassage-dresden.de\\\/\",\"name\":\"SABAI THAI MASSAGE\",\"description\":\"Dresden\",\"publisher\":{\"@id\":\"https:\\\/\\\/sabaithaimassage-dresden.de\\\/#organization\"},\"potentialAction\":[{\"@type\":\"SearchAction\",\"target\":{\"@type\":\"EntryPoint\",\"urlTemplate\":\"https:\\\/\\\/sabaithaimassage-dresden.de\\\/?s={search_term_string}\"},\"query-input\":{\"@type\":\"PropertyValueSpecification\",\"valueRequired\":true,\"valueName\":\"search_term_string\"}}],\"inLanguage\":\"en-US\"},{\"@type\":\"Organization\",\"@id\":\"https:\\\/\\\/sabaithaimassage-dresden.de\\\/#organization\",\"name\":\"SABAI THAI MASSAGE\",\"url\":\"https:\\\/\\\/sabaithaimassage-dresden.de\\\/\",\"logo\":{\"@type\":\"ImageObject\",\"inLanguage\":\"en-US\",\"@id\":\"https:\\\/\\\/sabaithaimassage-dresden.de\\\/#\\\/schema\\\/logo\\\/image\\\/\",\"url\":\"\",\"contentUrl\":\"\",\"caption\":\"SABAI THAI MASSAGE\"},\"image\":{\"@id\":\"https:\\\/\\\/sabaithaimassage-dresden.de\\\/#\\\/schema\\\/logo\\\/image\\\/\"},\"sameAs\":[\"https:\\\/\\\/www.facebook.com\\\/pages\\\/Sabaithaimassage-dresden\"]}]}<\/script>\n<!-- \/ Yoast SEO plugin. -->","yoast_head_json":{"title":"Welcome - SABAI THAI MASSAGE","robots":{"index":"index","follow":"follow","max-snippet":"max-snippet:-1","max-image-preview":"max-image-preview:large","max-video-preview":"max-video-preview:-1"},"canonical":"https:\/\/sabaithaimassage-dresden.de\/","og_locale":"en_US","og_type":"article","og_title":"Welcome - SABAI THAI MASSAGE","og_url":"https:\/\/sabaithaimassage-dresden.de\/","og_site_name":"SABAI THAI MASSAGE","article_publisher":"https:\/\/www.facebook.com\/pages\/Sabaithaimassage-dresden","article_modified_time":"2025-12-14T19:30:38+00:00","twitter_misc":{"Est. reading time":"2 minutes"},"schema":{"@context":"https:\/\/schema.org","@graph":[{"@type":"WebPage","@id":"https:\/\/sabaithaimassage-dresden.de\/","url":"https:\/\/sabaithaimassage-dresden.de\/","name":"Welcome - SABAI THAI MASSAGE","isPartOf":{"@id":"https:\/\/sabaithaimassage-dresden.de\/#website"},"datePublished":"2013-02-25T02:35:50+00:00","dateModified":"2025-12-14T19:30:38+00:00","breadcrumb":{"@id":"https:\/\/sabaithaimassage-dresden.de\/#breadcrumb"},"inLanguage":"en-US","potentialAction":[{"@type":"ReadAction","target":["https:\/\/sabaithaimassage-dresden.de\/"]}]},{"@type":"BreadcrumbList","@id":"https:\/\/sabaithaimassage-dresden.de\/#breadcrumb","itemListElement":[{"@type":"ListItem","position":1,"name":"Home","item":"https:\/\/sabaithaimassage-dresden.de\/"},{"@type":"ListItem","position":2,"name":"Willkommen"}]},{"@type":"WebSite","@id":"https:\/\/sabaithaimassage-dresden.de\/#website","url":"https:\/\/sabaithaimassage-dresden.de\/","name":"SABAI THAI MASSAGE","description":"Dresden","publisher":{"@id":"https:\/\/sabaithaimassage-dresden.de\/#organization"},"potentialAction":[{"@type":"SearchAction","target":{"@type":"EntryPoint","urlTemplate":"https:\/\/sabaithaimassage-dresden.de\/?s={search_term_string}"},"query-input":{"@type":"PropertyValueSpecification","valueRequired":true,"valueName":"search_term_string"}}],"inLanguage":"en-US"},{"@type":"Organization","@id":"https:\/\/sabaithaimassage-dresden.de\/#organization","name":"SABAI THAI MASSAGE","url":"https:\/\/sabaithaimassage-dresden.de\/","logo":{"@type":"ImageObject","inLanguage":"en-US","@id":"https:\/\/sabaithaimassage-dresden.de\/#\/schema\/logo\/image\/","url":"","contentUrl":"","caption":"SABAI THAI MASSAGE"},"image":{"@id":"https:\/\/sabaithaimassage-dresden.de\/#\/schema\/logo\/image\/"},"sameAs":["https:\/\/www.facebook.com\/pages\/Sabaithaimassage-dresden"]}]}},"_links":{"self":[{"href":"https:\/\/sabaithaimassage-dresden.de\/en\/wp-json\/wp\/v2\/pages\/32","targetHints":{"allow":["GET"]}}],"collection":[{"href":"https:\/\/sabaithaimassage-dresden.de\/en\/wp-json\/wp\/v2\/pages"}],"about":[{"href":"https:\/\/sabaithaimassage-dresden.de\/en\/wp-json\/wp\/v2\/types\/page"}],"author":[{"embeddable":true,"href":"https:\/\/sabaithaimassage-dresden.de\/en\/wp-json\/wp\/v2\/users\/1"}],"replies":[{"embeddable":true,"href":"https:\/\/sabaithaimassage-dresden.de\/en\/wp-json\/wp\/v2\/comments?post=32"}],"version-history":[{"count":188,"href":"https:\/\/sabaithaimassage-dresden.de\/en\/wp-json\/wp\/v2\/pages\/32\/revisions"}],"predecessor-version":[{"id":993,"href":"https:\/\/sabaithaimassage-dresden.de\/en\/wp-json\/wp\/v2\/pages\/32\/revisions\/993"}],"wp:attachment":[{"href":"https:\/\/sabaithaimassage-dresden.de\/en\/wp-json\/wp\/v2\/media?parent=32"}],"curies":[{"name":"wp","href":"https:\/\/api.w.org\/{rel}","templated":true}]}}